{"id":7,"date":"2019-11-19T09:08:10","date_gmt":"2019-11-19T09:08:10","guid":{"rendered":"http:\/\/www.audicubic.com\/?page_id=7"},"modified":"2020-02-28T10:42:25","modified_gmt":"2020-02-28T10:42:25","slug":"audicubic","status":"publish","type":"page","link":"https:\/\/www.audicubic.com\/es\/audicubic\/","title":{"rendered":"Audicubic"},"content":{"rendered":"<p>AUDICUBIC es una firma de Lleida que ofrece a la empresa privada y p\u00fablica servicios de auditoria y consultoria.<\/p>\n<p>Sus inicios se remontan al a\u00f1o 1980, dedic\u00e1ndose desde entonces y de forma ininterrumpida, a la auditoria de cuentas as\u00ed como a las tareas de asesoramiento econ\u00f3mico \u2013 financiero, contable, fiscal y mercantil i en colaboraci\u00f3n con las empresas, aportando los conocimientos de la profesi\u00f3n y la experiencia que a lo largo de su vida ha atesorado.<\/p>\n<p>Nuestra firma tiene experiencia demostrada en procedimientos de administraci\u00f3n concursal, actuaciones judiciales y peritajes en el \u00e1mbito civil y mercantil.<\/p>\n<p>Nuestros clientes representan un amplio abanico de actividades industriales, comerciales y financieras, del sector privado y p\u00fablico, as\u00ed como en las distintas formas jur\u00eddicas de sociedades (an\u00f3nimas, limitadas, sociedades civiles, cooperativas, entidades sin \u00e1nimo de lucro, ayuntamientos, etc. )<\/p>\n<p>Nuestra organizaci\u00f3n est\u00e1 integrada por un equipo consolidado de profesionales con titulaci\u00f3n universitaria, alta calificaci\u00f3n profesional, esp\u00edritu de servicio y a\u00f1os de experiencia que han caracterizado el concepto de trabajo bien hecho que nos distingue.<\/p>\n<p>La pol\u00edtica de nuestra firma es la de ofrecer a sus clientes servicios de alta calidad y con esta finalidad se responsabiliza a cada trabajo a un socio para que lo planifique, dirija y coordine, de tal forma que se preste un servicio profesional, personal e individualizado de acuerdo con las necesidades y conveniencias del cliente.<\/p>\n<p>Nuestro valor a\u00f1adido se fundamenta con nuestro convencimiento de que el verdadero valor de nuestros servicios radica en tener una relaci\u00f3n cercana con nuestros clientes y que, principalmente, somos auditores del d\u00eda a d\u00eda de nuestros clientes y no solo al final de cada ejercicio.<\/p>\n","protected":false},"excerpt":{"rendered":"AUDICUBIC es una firma de Lleida que ofrece a la empresa privada y p\u00fablica servicios de auditoria y consultoria. Sus inicios se remontan al a\u00f1o 1980, dedic\u00e1ndose desde entonces y de forma ininterrumpida, a la auditoria de cuentas as\u00ed como a las tareas de asesoramiento econ\u00f3mico \u2013 financiero, contable, fiscal y mercantil i en colaboraci\u00f3n [&hellip;]","protected":false},"author":1,"featured_media":0,"parent":0,"menu_order":0,"comment_status":"closed","ping_status":"closed","template":"page-custom4.php","meta":{"footnotes":""},"class_list":["post-7","page","type-page","status-publish","hentry"],"_links":{"self":[{"href":"https:\/\/www.audicubic.com\/es\/wp-json\/wp\/v2\/pages\/7","targetHints":{"allow":["GET"]}}],"collection":[{"href":"https:\/\/www.audicubic.com\/es\/wp-json\/wp\/v2\/pages"}],"about":[{"href":"https:\/\/www.audicubic.com\/es\/wp-json\/wp\/v2\/types\/page"}],"author":[{"embeddable":true,"href":"https:\/\/www.audicubic.com\/es\/wp-json\/wp\/v2\/users\/1"}],"replies":[{"embeddable":true,"href":"https:\/\/www.audicubic.com\/es\/wp-json\/wp\/v2\/comments?post=7"}],"version-history":[{"count":3,"href":"https:\/\/www.audicubic.com\/es\/wp-json\/wp\/v2\/pages\/7\/revisions"}],"predecessor-version":[{"id":97,"href":"https:\/\/www.audicubic.com\/es\/wp-json\/wp\/v2\/pages\/7\/revisions\/97"}],"wp:attachment":[{"href":"https:\/\/www.audicubic.com\/es\/wp-json\/wp\/v2\/media?parent=7"}],"curies":[{"name":"wp","href":"https:\/\/api.w.org\/{rel}","templated":true}]}}