{"id":210,"date":"2020-03-09T08:05:00","date_gmt":"2020-03-09T08:05:00","guid":{"rendered":"http:\/\/www.audicubic.com\/?page_id=210"},"modified":"2021-04-09T08:24:50","modified_gmt":"2021-04-09T08:24:50","slug":"politica-de-privacidad","status":"publish","type":"page","link":"https:\/\/www.audicubic.com\/es\/politica-de-privacidad\/","title":{"rendered":"Pol\u00edtica de Privacidad"},"content":{"rendered":"<p class=\"p1\">En Audicubic SL nos preocupamos por la privacidad y la transparencia.<\/p>\n<p class=\"p1\">A continuaci\u00f3n, le indicamos en detalle los tratamientos de datos personales que realizamos, as\u00ed como toda la informaci\u00f3n relativa a los mismos.<\/p>\n<p class=\"p2\"><b>Tratamiento de los datos de clientes<\/b><\/p>\n<table class=\"t1\" cellspacing=\"0\" cellpadding=\"0\">\n<tbody>\n<tr>\n<td class=\"td1\" colspan=\"2\" valign=\"middle\">\n<p class=\"p3\"><b>Informaci\u00f3n b\u00e1sica sobre Protecci\u00f3n de datos<\/b><\/p>\n<\/td>\n<\/tr>\n<tr>\n<td class=\"td2\" valign=\"middle\">\n<p class=\"p4\"><b>Responsable:<\/b><\/p>\n<\/td>\n<td class=\"td3\" valign=\"middle\">\n<p class=\"p5\">Audicubic SL<\/p>\n<\/td>\n<\/tr>\n<tr>\n<td class=\"td4\" valign=\"middle\">\n<p class=\"p4\"><b>Finalidad:<\/b><\/p>\n<\/td>\n<td class=\"td5\" valign=\"middle\">\n<p class=\"p5\">Prestar los servicios solicitados y enviar comunicaciones comerciales.<\/p>\n<\/td>\n<\/tr>\n<tr>\n<td class=\"td6\" valign=\"middle\">\n<p class=\"p4\"><b>Legitimaci\u00f3n:<\/b><\/p>\n<\/td>\n<td class=\"td7\" valign=\"middle\">\n<p class=\"p5\">Ejecuci\u00f3n de un contrato.<\/p>\n<p class=\"p5\">Inter\u00e9s leg\u00edtimo del Responsable.<\/p>\n<\/td>\n<\/tr>\n<tr>\n<td class=\"td4\" valign=\"middle\">\n<p class=\"p4\"><b>Destinatarios:<\/b><\/p>\n<\/td>\n<td class=\"td5\" valign=\"middle\">\n<p class=\"p6\">Est\u00e1n previstas cesiones de datos a: Administraci\u00f3n Tributaria; Entidades financieras.<\/p>\n<\/td>\n<\/tr>\n<tr>\n<td class=\"td8\" valign=\"middle\">\n<p class=\"p4\"><b>Derechos:<\/b><\/p>\n<\/td>\n<td class=\"td9\" valign=\"middle\">\n<p class=\"p5\">Tiene derecho a acceder, rectificar y suprimir los datos, as\u00ed como otros derechos, indicados en la informaci\u00f3n adicional, que puede ejercer dirigi\u00e9ndose a la direcci\u00f3n del responsable del tratamiento<\/p>\n<\/td>\n<\/tr>\n<tr>\n<td class=\"td2\" valign=\"middle\">\n<p class=\"p4\"><b>Procedencia:<\/b><\/p>\n<\/td>\n<td class=\"td3\" valign=\"middle\">\n<p class=\"p5\">El propio interesado.<\/p>\n<\/td>\n<\/tr>\n<\/tbody>\n<\/table>\n<p>&nbsp;<\/p>\n<ol class=\"ol1\">\n<li class=\"li1\"><b>\u00bfQui\u00e9n es el responsable del tratamiento de sus datos?<\/b><\/li>\n<\/ol>\n<p class=\"p2\">Audicubic SL.<\/p>\n<p class=\"p2\">B25593351.<\/p>\n<p class=\"p2\">Avinguda de Prat de la Riba 9 &#8211; 25006 &#8211; Lleida &#8211; L\u00c9RIDA.<\/p>\n<p class=\"p2\">973222411.<\/p>\n<p class=\"p2\">info@audicubic.com.<\/p>\n<ol class=\"ol1\">\n<li class=\"li1\"><b>\u00bfCon qu\u00e9 finalidad tratamos sus datos personales?<\/b><\/li>\n<\/ol>\n<p class=\"p2\">En Audicubic SL tratamos la informaci\u00f3n que nos facilitan las personas interesadas con el fin de realizar la gesti\u00f3n administrativa, contable y fiscal de los servicios solicitados, as\u00ed como enviar comunicaciones comerciales sobre nuestros productos y servicios. En el caso de que no facilite sus datos personales, no podremos cumplir con las funcionalidades descritas anteriormente.<\/p>\n<p class=\"p2\">No se van a tomar decisiones automatizadas en base a los datos proporcionados.<\/p>\n<ol class=\"ol1\">\n<li class=\"li1\"><b>\u00bfPor cu\u00e1nto tiempo conservaremos sus datos?<\/b><\/li>\n<\/ol>\n<p class=\"p2\">Los datos se conservar\u00e1n mientras el interesado no solicite su supresi\u00f3n, y en su caso, durante los a\u00f1os necesarios para cumplir con las obligaciones legales.<\/p>\n<ol class=\"ol1\">\n<li class=\"li1\"><b>\u00bfCu\u00e1l es la legitimaci\u00f3n para el tratamiento de sus datos?<\/b><\/li>\n<\/ol>\n<p class=\"p2\">Le indicamos la base legal para el tratamiento de sus datos:<\/p>\n<ul class=\"ul1\">\n<li class=\"li2\">Ejecuci\u00f3n de un contrato: Gesti\u00f3n fiscal, contable y administrativa de clientes. (RGPD art. 6.1.b).<\/li>\n<li class=\"li2\">Inter\u00e9s leg\u00edtimo del Responsable: Env\u00edo de comunicaciones comerciales incluso por v\u00eda electr\u00f3nica. (RGPD Considerando 47, LSSICE art. 21.2).<\/li>\n<\/ul>\n<ol class=\"ol1\">\n<li class=\"li1\"><b>\u00bfA qu\u00e9 destinatarios se comunicar\u00e1n sus datos?<\/b><\/li>\n<\/ol>\n<p class=\"p2\">Los datos se comunicar\u00e1n a los siguientes destinatarios:<\/p>\n<ul class=\"ul1\">\n<li class=\"li2\">Administraci\u00f3n Tributaria, con la finalidad de cumplir con las obligaciones legales (requisito legal).<\/li>\n<li class=\"li2\">Entidades financieras, con la finalidad de girar los recibos correspondientes (requisito contractual).<\/li>\n<\/ul>\n<ol class=\"ol1\">\n<li class=\"li1\"><b>Transferencias de datos a terceros pa\u00edses<\/b><\/li>\n<\/ol>\n<p class=\"p2\">No est\u00e1n previstas transferencias de datos a terceros pa\u00edses.<\/p>\n<ol class=\"ol1\">\n<li class=\"li1\"><b>\u00bfCu\u00e1les son sus derechos cuando nos facilita sus datos?<\/b><\/li>\n<\/ol>\n<p class=\"p2\">Cualquier persona tiene derecho a obtener confirmaci\u00f3n sobre si en Audicubic SL estamos tratando, o no, datos personales que les conciernan.<\/p>\n<p class=\"p2\">Las personas interesadas tienen derecho a acceder a sus datos personales, as\u00ed como a solicitar la rectificaci\u00f3n de los datos inexactos o, en su caso, solicitar su supresi\u00f3n cuando, entre otros motivos, los datos ya no sean necesarios para los fines que fueron recogidos. Igualmente tiene derecho a la portabilidad de sus datos.<\/p>\n<p class=\"p2\">En determinadas circunstancias, los interesados podr\u00e1n solicitar la limitaci\u00f3n del tratamiento de sus datos, en cuyo caso \u00fanicamente los conservaremos para el ejercicio o la defensa de reclamaciones.<\/p>\n<p class=\"p2\">En determinadas circunstancias y por motivos relacionados con su situaci\u00f3n particular, los interesados podr\u00e1n oponerse al tratamiento de sus datos. En este caso, Audicubic SL dejar\u00e1 de tratar los datos, salvo por motivos leg\u00edtimos imperiosos, o el ejercicio o la defensa de posibles reclamaciones.<\/p>\n<p class=\"p2\">Podr\u00e1 ejercitar materialmente sus derechos de la siguiente forma: dirigi\u00e9ndose a la direcci\u00f3n del responsable del tratamiento<\/p>\n<p class=\"p2\">Cuando se realice el env\u00edo de comunicaciones comerciales utilizando como base jur\u00eddica el inter\u00e9s leg\u00edtimo del responsable, el interesado podr\u00e1 oponerse al tratamiento de sus datos con ese fin.<\/p>\n<p class=\"p2\">Si ha otorgado su consentimiento para alguna finalidad concreta, tiene derecho a retirar el consentimiento otorgado en cualquier momento, sin que ello afecte a la licitud del tratamiento basado en el consentimiento previo a su retirada.<\/p>\n<p class=\"p2\">En caso de que sienta vulnerados sus derechos en lo concerniente a la protecci\u00f3n de sus datos personales, especialmente cuando no haya obtenido satisfacci\u00f3n en el ejercicio de sus derechos, puede presentar una reclamaci\u00f3n ante la Autoridad de Control en materia de Protecci\u00f3n de Datos competente a trav\u00e9s de su sitio web: www.aepd.es.<\/p>\n<ol class=\"ol1\">\n<li class=\"li1\"><b>\u00bfC\u00f3mo hemos obtenido sus datos?<\/b><\/li>\n<\/ol>\n<p class=\"p2\">Los datos personales que tratamos en Audicubic SL proceden de: El propio interesado.<\/p>\n<p class=\"p1\"><b>Tratamiento de los datos del personal<\/b><\/p>\n<table class=\"t1\" cellspacing=\"0\" cellpadding=\"0\">\n<tbody>\n<tr>\n<td class=\"td1\" colspan=\"2\" valign=\"middle\">\n<p class=\"p1\"><b>Informaci\u00f3n b\u00e1sica sobre Protecci\u00f3n de datos<\/b><\/p>\n<\/td>\n<\/tr>\n<tr>\n<td class=\"td2\" valign=\"middle\">\n<p class=\"p2\"><b>Responsable:<\/b><\/p>\n<\/td>\n<td class=\"td3\" valign=\"middle\">\n<p class=\"p3\">Audicubic SL<\/p>\n<\/td>\n<\/tr>\n<tr>\n<td class=\"td2\" valign=\"middle\">\n<p class=\"p2\"><b>Finalidad:<\/b><\/p>\n<\/td>\n<td class=\"td3\" valign=\"middle\">\n<p class=\"p3\">Gestionar la relaci\u00f3n laboral<\/p>\n<\/td>\n<\/tr>\n<tr>\n<td class=\"td4\" valign=\"middle\">\n<p class=\"p2\"><b>Legitimaci\u00f3n:<\/b><\/p>\n<\/td>\n<td class=\"td5\" valign=\"middle\">\n<p class=\"p3\">Ejecuci\u00f3n de un contrato.<\/p>\n<p class=\"p3\">Cumplimiento de una obligaci\u00f3n legal.<\/p>\n<\/td>\n<\/tr>\n<tr>\n<td class=\"td6\" valign=\"middle\">\n<p class=\"p2\"><b>Destinatarios:<\/b><\/p>\n<\/td>\n<td class=\"td7\" valign=\"middle\">\n<p class=\"p4\">Est\u00e1n previstas cesiones de datos a: Administraci\u00f3n Tributaria, Seguridad Social y Mutua; Bancos y entidades financieras; Fundaci\u00f3n estatal para la formaci\u00f3n en el empleo (Fundae).<\/p>\n<\/td>\n<\/tr>\n<tr>\n<td class=\"td8\" valign=\"middle\">\n<p class=\"p2\"><b>Derechos:<\/b><\/p>\n<\/td>\n<td class=\"td9\" valign=\"middle\">\n<p class=\"p3\">Tiene derecho a acceder, rectificar y suprimir los datos, as\u00ed como otros derechos, indicados en la informaci\u00f3n adicional, que puede ejercer dirigi\u00e9ndose a la direcci\u00f3n del responsable del tratamiento<\/p>\n<\/td>\n<\/tr>\n<tr>\n<td class=\"td2\" valign=\"middle\">\n<p class=\"p2\"><b>Procedencia:<\/b><\/p>\n<\/td>\n<td class=\"td3\" valign=\"middle\">\n<p class=\"p3\">El propio interesado.<\/p>\n<\/td>\n<\/tr>\n<\/tbody>\n<\/table>\n","protected":false},"excerpt":{"rendered":"En Audicubic SL nos preocupamos por la privacidad y la transparencia. A continuaci\u00f3n, le indicamos en detalle los tratamientos de datos personales que realizamos, as\u00ed como toda la informaci\u00f3n relativa a los mismos. Tratamiento de los datos de clientes Informaci\u00f3n b\u00e1sica sobre Protecci\u00f3n de datos Responsable: Audicubic SL Finalidad: Prestar los servicios solicitados y enviar [&hellip;]","protected":false},"author":1,"featured_media":0,"parent":0,"menu_order":0,"comment_status":"closed","ping_status":"closed","template":"","meta":{"footnotes":""},"class_list":["post-210","page","type-page","status-publish","hentry"],"_links":{"self":[{"href":"https:\/\/www.audicubic.com\/es\/wp-json\/wp\/v2\/pages\/210","targetHints":{"allow":["GET"]}}],"collection":[{"href":"https:\/\/www.audicubic.com\/es\/wp-json\/wp\/v2\/pages"}],"about":[{"href":"https:\/\/www.audicubic.com\/es\/wp-json\/wp\/v2\/types\/page"}],"author":[{"embeddable":true,"href":"https:\/\/www.audicubic.com\/es\/wp-json\/wp\/v2\/users\/1"}],"replies":[{"embeddable":true,"href":"https:\/\/www.audicubic.com\/es\/wp-json\/wp\/v2\/comments?post=210"}],"version-history":[{"count":2,"href":"https:\/\/www.audicubic.com\/es\/wp-json\/wp\/v2\/pages\/210\/revisions"}],"predecessor-version":[{"id":229,"href":"https:\/\/www.audicubic.com\/es\/wp-json\/wp\/v2\/pages\/210\/revisions\/229"}],"wp:attachment":[{"href":"https:\/\/www.audicubic.com\/es\/wp-json\/wp\/v2\/media?parent=210"}],"curies":[{"name":"wp","href":"https:\/\/api.w.org\/{rel}","templated":true}]}}